{"id":763,"date":"2022-05-09T18:07:44","date_gmt":"2022-05-09T16:07:44","guid":{"rendered":"https:\/\/lighthouse-bremen.de\/?page_id=763"},"modified":"2025-01-29T16:55:59","modified_gmt":"2025-01-29T14:55:59","slug":"mobile-kirche","status":"publish","type":"page","link":"https:\/\/lighthouse-bremen.de\/?page_id=763","title":{"rendered":"Lighthouse.MOBILEKIRCHE"},"content":{"rendered":"\n<div class=\"wp-block-columns is-layout-flex wp-container-core-columns-is-layout-9d6595d7 wp-block-columns-is-layout-flex\">\n<div class=\"wp-block-column is-layout-flow wp-block-column-is-layout-flow\" style=\"flex-basis:100%\">\n<div class=\"wp-block-group\"><div class=\"wp-block-group__inner-container is-layout-flow wp-block-group-is-layout-flow\">\n<div class=\"wp-block-columns is-layout-flex wp-container-core-columns-is-layout-9d6595d7 wp-block-columns-is-layout-flex\">\n<div class=\"wp-block-column is-layout-flow wp-block-column-is-layout-flow\">\n<h3 class=\"wp-block-heading\"><br>Auf dem Weg zu den Menschen<\/h3>\n\n\n\n<p>Mit einem voll ausgestatteten Messe-Anh\u00e4nger oder mit E-Lastenbikes macht sich das LIGHTHOUSE auf den Weg, um auf Marktpl\u00e4tzen, in Parks, auf Kirchpl\u00e4tzen und Bahnh\u00f6fen Menschen zu begegnen.<\/p>\n\n\n\n<p>Johannes M\u00fcller, der Leiter des Lighthouse, dazu:<\/p>\n\n\n\n<p><em>\u00bbMit der Mobilen Kirche k\u00f6nnen wir sehr flexibel auf die Erfordernisse der Menschen reagieren. Wir begegnen ihnen an den Orten, wo sie unterwegs sind. Besonders in diesen schwierigen Zeiten, will die Mobile Kirche Mut machen und Hoffnung verbreiten.\u00ab<\/em><\/p>\n<\/div>\n\n\n\n<div class=\"wp-block-column is-layout-flow wp-block-column-is-layout-flow\"><div id=\"metaslider-id-766\" style=\"width: 100%; margin: 0 auto;\" class=\"ml-slider-3-105-0 metaslider metaslider-flex metaslider-766 ml-slider ms-theme-default nav-hidden\" role=\"region\" aria-label=\"MobileKirche\" data-height=\"338\" data-width=\"576\">\n    <div id=\"metaslider_container_766\">\n        <div id=\"metaslider_766\" class=\"flexslider\">\n            <ul class='slides'>\n                <li style=\"display: block; width: 100%;\" class=\"slide-776 ms-image \" aria-roledescription=\"slide\" data-date=\"2022-05-09 18:01:10\" data-filename=\"mobile-kirche-1-scaled.jpg\" data-slide-type=\"image\"><img loading=\"lazy\" decoding=\"async\" width=\"2560\" height=\"1707\" src=\"https:\/\/lighthouse-bremen.de\/wp-content\/uploads\/2022\/05\/mobile-kirche-1-scaled.jpg\" class=\"slider-766 slide-776 msDefaultImage\" alt=\"\" rel=\"\" title=\"mobile-kirche-1\" srcset=\"https:\/\/lighthouse-bremen.de\/wp-content\/uploads\/2022\/05\/mobile-kirche-1-scaled.jpg 2560w, https:\/\/lighthouse-bremen.de\/wp-content\/uploads\/2022\/05\/mobile-kirche-1-300x200.jpg 300w, https:\/\/lighthouse-bremen.de\/wp-content\/uploads\/2022\/05\/mobile-kirche-1-1024x683.jpg 1024w, https:\/\/lighthouse-bremen.de\/wp-content\/uploads\/2022\/05\/mobile-kirche-1-768x512.jpg 768w, https:\/\/lighthouse-bremen.de\/wp-content\/uploads\/2022\/05\/mobile-kirche-1-1536x1024.jpg 1536w, https:\/\/lighthouse-bremen.de\/wp-content\/uploads\/2022\/05\/mobile-kirche-1-2048x1366.jpg 2048w\" sizes=\"auto, (max-width: 2560px) 100vw, 2560px\" \/><\/li>\n                <li style=\"display: none; width: 100%;\" class=\"slide-777 ms-image \" aria-roledescription=\"slide\" data-date=\"2022-05-09 18:03:55\" data-filename=\"ECFC70F2-0008-4490-B0EA-E650D92411A3.jpeg\" data-slide-type=\"image\"><img loading=\"lazy\" decoding=\"async\" width=\"1440\" height=\"1080\" src=\"https:\/\/lighthouse-bremen.de\/wp-content\/uploads\/2023\/11\/ECFC70F2-0008-4490-B0EA-E650D92411A3.jpeg\" class=\"slider-766 slide-777 msDefaultImage\" alt=\"\" rel=\"\" title=\"ECFC70F2-0008-4490-B0EA-E650D92411A3\" srcset=\"https:\/\/lighthouse-bremen.de\/wp-content\/uploads\/2023\/11\/ECFC70F2-0008-4490-B0EA-E650D92411A3.jpeg 1440w, https:\/\/lighthouse-bremen.de\/wp-content\/uploads\/2023\/11\/ECFC70F2-0008-4490-B0EA-E650D92411A3-300x225.jpeg 300w, https:\/\/lighthouse-bremen.de\/wp-content\/uploads\/2023\/11\/ECFC70F2-0008-4490-B0EA-E650D92411A3-1024x768.jpeg 1024w, https:\/\/lighthouse-bremen.de\/wp-content\/uploads\/2023\/11\/ECFC70F2-0008-4490-B0EA-E650D92411A3-768x576.jpeg 768w\" sizes=\"auto, (max-width: 1440px) 100vw, 1440px\" \/><\/li>\n                <li style=\"display: none; width: 100%;\" class=\"slide-778 ms-image \" aria-roledescription=\"slide\" data-date=\"2022-05-09 18:04:21\" data-filename=\"Moki-Strand-scaled.jpeg\" data-slide-type=\"image\"><img loading=\"lazy\" decoding=\"async\" width=\"2560\" height=\"1920\" src=\"https:\/\/lighthouse-bremen.de\/wp-content\/uploads\/2023\/11\/Moki-Strand-scaled.jpeg\" class=\"slider-766 slide-778 msDefaultImage\" alt=\"\" rel=\"\" title=\"Moki Strand\" srcset=\"https:\/\/lighthouse-bremen.de\/wp-content\/uploads\/2023\/11\/Moki-Strand-scaled.jpeg 2560w, https:\/\/lighthouse-bremen.de\/wp-content\/uploads\/2023\/11\/Moki-Strand-300x225.jpeg 300w, https:\/\/lighthouse-bremen.de\/wp-content\/uploads\/2023\/11\/Moki-Strand-1024x768.jpeg 1024w, https:\/\/lighthouse-bremen.de\/wp-content\/uploads\/2023\/11\/Moki-Strand-768x576.jpeg 768w, https:\/\/lighthouse-bremen.de\/wp-content\/uploads\/2023\/11\/Moki-Strand-1536x1152.jpeg 1536w, https:\/\/lighthouse-bremen.de\/wp-content\/uploads\/2023\/11\/Moki-Strand-2048x1536.jpeg 2048w\" sizes=\"auto, (max-width: 2560px) 100vw, 2560px\" \/><\/li>\n                <li style=\"display: none; width: 100%;\" class=\"slide-779 ms-image \" aria-roledescription=\"slide\" data-date=\"2022-05-09 18:04:34\" data-filename=\"Moki-Vegesack.jpg\" data-slide-type=\"image\"><img loading=\"lazy\" decoding=\"async\" width=\"1920\" height=\"1080\" src=\"https:\/\/lighthouse-bremen.de\/wp-content\/uploads\/2023\/11\/Moki-Vegesack.jpg\" class=\"slider-766 slide-779 msDefaultImage\" alt=\"\" rel=\"\" title=\"Moki Vegesack\" srcset=\"https:\/\/lighthouse-bremen.de\/wp-content\/uploads\/2023\/11\/Moki-Vegesack.jpg 1920w, https:\/\/lighthouse-bremen.de\/wp-content\/uploads\/2023\/11\/Moki-Vegesack-300x169.jpg 300w, https:\/\/lighthouse-bremen.de\/wp-content\/uploads\/2023\/11\/Moki-Vegesack-1024x576.jpg 1024w, https:\/\/lighthouse-bremen.de\/wp-content\/uploads\/2023\/11\/Moki-Vegesack-768x432.jpg 768w, https:\/\/lighthouse-bremen.de\/wp-content\/uploads\/2023\/11\/Moki-Vegesack-1536x864.jpg 1536w\" sizes=\"auto, (max-width: 1920px) 100vw, 1920px\" \/><\/li>\n                <li style=\"display: none; width: 100%;\" class=\"slide-780 ms-image \" aria-roledescription=\"slide\" data-date=\"2022-05-09 18:04:49\" data-filename=\"D923B4CB-B338-42FC-844B-B6A1A9F0C403.jpeg\" data-slide-type=\"image\"><img loading=\"lazy\" decoding=\"async\" width=\"2048\" height=\"1536\" src=\"https:\/\/lighthouse-bremen.de\/wp-content\/uploads\/2023\/11\/D923B4CB-B338-42FC-844B-B6A1A9F0C403.jpeg\" class=\"slider-766 slide-780 msDefaultImage\" alt=\"Lighthouse Mobilekirche E-Bike\" rel=\"\" title=\"D923B4CB-B338-42FC-844B-B6A1A9F0C403\" srcset=\"https:\/\/lighthouse-bremen.de\/wp-content\/uploads\/2023\/11\/D923B4CB-B338-42FC-844B-B6A1A9F0C403.jpeg 2048w, https:\/\/lighthouse-bremen.de\/wp-content\/uploads\/2023\/11\/D923B4CB-B338-42FC-844B-B6A1A9F0C403-300x225.jpeg 300w, https:\/\/lighthouse-bremen.de\/wp-content\/uploads\/2023\/11\/D923B4CB-B338-42FC-844B-B6A1A9F0C403-1024x768.jpeg 1024w, https:\/\/lighthouse-bremen.de\/wp-content\/uploads\/2023\/11\/D923B4CB-B338-42FC-844B-B6A1A9F0C403-768x576.jpeg 768w, https:\/\/lighthouse-bremen.de\/wp-content\/uploads\/2023\/11\/D923B4CB-B338-42FC-844B-B6A1A9F0C403-1536x1152.jpeg 1536w\" sizes=\"auto, (max-width: 2048px) 100vw, 2048px\" \/><\/li>\n            <\/ul>\n        <\/div>\n        \n    <\/div>\n<\/div>\n<\/div>\n<\/div>\n<\/div><\/div>\n<\/div>\n<\/div>\n\n\n\n<p>Wenn du mit uns in Kontakt treten m\u00f6chtest, z.B. bei Fragen oder Interesse an der MOBILEN KIRCHE f\u00fcr deine Gemeinde, kannst du einfach das <strong><a href=\"https:\/\/lighthouse-bremen.de\/?page_id=127\" target=\"_blank\" rel=\"noreferrer noopener\">\u25b8 Kontaktformular<\/a><\/strong> benutzen, oder uns direkt <a href=\"mailto:mobilekirche@kaikutzki.de\"><strong>\u25b8 eine Email schreiben<\/strong><\/a>.<\/p>\n\n\n\n<p>N\u00e4chste Termine f\u00fcr die Veranstaltungen mit der MOBILEN KIRCHE findest du auf der <a href=\"https:\/\/lighthouse-bremen.de\/?page_id=9\"><strong>\u25b8 Termin-Seite<\/strong><\/a><\/p>\n\n\n\n<p>Willst du immer auf dem Laufenden bleiben, dann abonniere den <a href=\"https:\/\/whatsapp.com\/channel\/0029VaDcX18J93weuLQE3C3A\"><strong>LIGHTHOUSE-WHATSAPP-KANAL<\/strong><\/a><\/p>\n\n\n\n<p><\/p>\n\n\n\n<p><\/p>\n\n\n\n<figure class=\"wp-block-gallery has-nested-images columns-default is-cropped wp-block-gallery-1 is-layout-flex wp-block-gallery-is-layout-flex\"><\/figure>\n\n\n\n<figure class=\"wp-block-gallery has-nested-images columns-default is-cropped wp-block-gallery-2 is-layout-flex wp-block-gallery-is-layout-flex\">\n<figure class=\"wp-block-image size-large\"><a href=\"https:\/\/lighthouse-bremen.de\/wp-content\/uploads\/2025\/01\/Alle-Einsaetze-im-1.-Hj-2025.png\"><img loading=\"lazy\" decoding=\"async\" width=\"1024\" height=\"580\" data-id=\"1215\" src=\"https:\/\/lighthouse-bremen.de\/wp-content\/uploads\/2025\/01\/Alle-Einsaetze-im-1.-Hj-2025-1024x580.png\" alt=\"\" class=\"wp-image-1215\" srcset=\"https:\/\/lighthouse-bremen.de\/wp-content\/uploads\/2025\/01\/Alle-Einsaetze-im-1.-Hj-2025-1024x580.png 1024w, https:\/\/lighthouse-bremen.de\/wp-content\/uploads\/2025\/01\/Alle-Einsaetze-im-1.-Hj-2025-300x170.png 300w, https:\/\/lighthouse-bremen.de\/wp-content\/uploads\/2025\/01\/Alle-Einsaetze-im-1.-Hj-2025-768x435.png 768w, https:\/\/lighthouse-bremen.de\/wp-content\/uploads\/2025\/01\/Alle-Einsaetze-im-1.-Hj-2025.png 1129w\" sizes=\"auto, (max-width: 1024px) 100vw, 1024px\" \/><\/a><\/figure>\n<\/figure>\n","protected":false},"excerpt":{"rendered":"<p>Auf dem Weg zu den Menschen Mit einem voll ausgestatteten Messe-Anh\u00e4nger oder mit E-Lastenbikes macht sich das LIGHTHOUSE auf den Weg, um auf Marktpl\u00e4tzen, in Parks, auf Kirchpl\u00e4tzen und Bahnh\u00f6fen Menschen zu begegnen. Johannes M\u00fcller, der Leiter des Lighthouse, dazu: \u00bbMit der Mobilen Kirche k\u00f6nnen wir sehr flexibel auf die Erfordernisse der Menschen reagieren. Wir &#8230; <span class=\"more\"><a class=\"more-link\" href=\"https:\/\/lighthouse-bremen.de\/?page_id=763\">[Read more&#8230;]<\/a><\/span><\/p>\n","protected":false},"author":3,"featured_media":0,"parent":5,"menu_order":0,"comment_status":"closed","ping_status":"closed","template":"page-full-width.php","meta":{"jetpack_post_was_ever_published":false,"footnotes":""},"class_list":["entry","page","publish","author-vstroever","post-763"],"jetpack_sharing_enabled":true,"jetpack_shortlink":"https:\/\/wp.me\/P6DzvA-cj","_links":{"self":[{"href":"https:\/\/lighthouse-bremen.de\/index.php?rest_route=\/wp\/v2\/pages\/763","targetHints":{"allow":["GET"]}}],"collection":[{"href":"https:\/\/lighthouse-bremen.de\/index.php?rest_route=\/wp\/v2\/pages"}],"about":[{"href":"https:\/\/lighthouse-bremen.de\/index.php?rest_route=\/wp\/v2\/types\/page"}],"author":[{"embeddable":true,"href":"https:\/\/lighthouse-bremen.de\/index.php?rest_route=\/wp\/v2\/users\/3"}],"replies":[{"embeddable":true,"href":"https:\/\/lighthouse-bremen.de\/index.php?rest_route=%2Fwp%2Fv2%2Fcomments&post=763"}],"version-history":[{"count":21,"href":"https:\/\/lighthouse-bremen.de\/index.php?rest_route=\/wp\/v2\/pages\/763\/revisions"}],"predecessor-version":[{"id":1217,"href":"https:\/\/lighthouse-bremen.de\/index.php?rest_route=\/wp\/v2\/pages\/763\/revisions\/1217"}],"up":[{"embeddable":true,"href":"https:\/\/lighthouse-bremen.de\/index.php?rest_route=\/wp\/v2\/pages\/5"}],"wp:attachment":[{"href":"https:\/\/lighthouse-bremen.de\/index.php?rest_route=%2Fwp%2Fv2%2Fmedia&parent=763"}],"curies":[{"name":"wp","href":"https:\/\/api.w.org\/{rel}","templated":true}]}}