{"id":762,"date":"2022-05-09T17:42:45","date_gmt":"2022-05-09T15:42:45","guid":{"rendered":"https:\/\/lighthouse-bremen.de\/?page_id=762"},"modified":"2025-01-29T17:07:33","modified_gmt":"2025-01-29T15:07:33","slug":"lighthouse-biker","status":"publish","type":"page","link":"https:\/\/lighthouse-bremen.de\/?page_id=762","title":{"rendered":"Lighthouse.BIKER pilgern mit PS"},"content":{"rendered":"<div class=\"wp-block-image\">\n<figure class=\"alignright size-medium_large is-resized\"><img loading=\"lazy\" decoding=\"async\" width=\"768\" height=\"450\" src=\"https:\/\/lighthouse-bremen.de\/wp-content\/uploads\/2022\/04\/sl_biker-768x450.jpg\" alt=\"\" class=\"wp-image-707\" style=\"width:576px;height:338px\" srcset=\"https:\/\/lighthouse-bremen.de\/wp-content\/uploads\/2022\/04\/sl_biker-768x450.jpg 768w, https:\/\/lighthouse-bremen.de\/wp-content\/uploads\/2022\/04\/sl_biker-300x176.jpg 300w, https:\/\/lighthouse-bremen.de\/wp-content\/uploads\/2022\/04\/sl_biker.jpg 900w\" sizes=\"auto, (max-width: 768px) 100vw, 768px\" \/><\/figure>\n<\/div>\n\n\n<p><em><strong>\u00bbDenn wir wandeln im Glauben und nicht im Schauen\u00ab 2.&nbsp;Kor&nbsp;5,&nbsp;7<\/strong><\/em><\/p>\n\n\n\n<p>Aus diesem Bibelvers ist das Motto von Lighthouse.Biker entstanden. Ins Englische \u00fcbersetzt hei\u00dft es: RIDE BY FAITH. Wir pilgern mit PS.<\/p>\n\n\n\n<p><strong>Motorradfahren<\/strong> l\u00e4sst Sonne und Wind hautnah sp\u00fcren. Es vermittelt gute Gef\u00fchle beim Tanz durch die Kurven. Wenn du den Helm aufsetzt und den Motor startest, l\u00e4sst du den Alltag hinter dir. Ein Hauch von Himmel weht dir beim Fahren um die Nase \u2013 auch wenn du dar\u00fcber die Grenzen, Gefahren und Verantwortung nicht vergisst.<\/p>\n\n\n\n<p>Und weil Motorradfahrer beides sp\u00fcren, versammeln sie sich gerne mit Gleichgesinnten zu Ausfahrten und Gottesdiensten, um diese Freude mit anderen zu teilen.<\/p>\n\n\n\n<p>Manche Biker sind schon lange im Glauben unterwegs, andere sind auf der Suche, Lighthouse.BIKER will alle ansprechen, wir pilgern mit PS&#8230;und machen uns gemeinsam auf den Weg.<\/p>\n\n\n\n<p><\/p>\n\n\n\n<p><strong>Unsere Ausfahrten, Pilgern mit PS, <\/strong>finden von April bis Oktober nach Absprache statt.<br>Wenn wir <strong>Touren<\/strong>, dann treffen wir uns an dem Tag um 17h; Treffpunkt: Matth\u00e4us Gemeinde, Hermannsburg 32e, Kurz-Andacht, Gebet und los gehts&#8230;<br>Danach treffen wir uns im LIGHTHOUSE, Martinikirchhof 1 zum <strong>Biker-Treff<\/strong>, mit kleinen Snacks, Getr\u00e4nke, Andachtsimpuls, Gebet, kl\u00f6nen, oder wir kehren irgendwo ein. <strong>Keep riding by Faith!<\/strong><\/p>\n\n\n\n<p>Weitere Termine f\u00fcr die Treffen findest du auf der <a href=\"https:\/\/lighthouse-bremen.de\/?page_id=9\"><strong>\u25b8 Termin-Seite<\/strong><\/a>. \u00a0 Willst du immer auf dem Laufenden bleiben, dann abonniere den <a href=\"https:\/\/whatsapp.com\/channel\/0029VaDcX18J93weuLQE3C3A\"><strong>LIGHTHOUSE-WHATSAPP-KANAL<\/strong><\/a><\/p>\n\n\n\n<p><\/p>\n","protected":false},"excerpt":{"rendered":"<p>\u00bbDenn wir wandeln im Glauben und nicht im Schauen\u00ab 2.&nbsp;Kor&nbsp;5,&nbsp;7 Aus diesem Bibelvers ist das Motto von Lighthouse.Biker entstanden. Ins Englische \u00fcbersetzt hei\u00dft es: RIDE BY FAITH. Wir pilgern mit PS. Motorradfahren l\u00e4sst Sonne und Wind hautnah sp\u00fcren. Es vermittelt gute Gef\u00fchle beim Tanz durch die Kurven. Wenn du den Helm aufsetzt und den Motor &#8230; <span class=\"more\"><a class=\"more-link\" href=\"https:\/\/lighthouse-bremen.de\/?page_id=762\">[Read more&#8230;]<\/a><\/span><\/p>\n","protected":false},"author":3,"featured_media":0,"parent":5,"menu_order":0,"comment_status":"closed","ping_status":"closed","template":"page-full-width.php","meta":{"footnotes":""},"class_list":["entry","page","publish","author-vstroever","post-762"],"jetpack_sharing_enabled":true,"jetpack_shortlink":"https:\/\/wp.me\/P6DzvA-ci","_links":{"self":[{"href":"https:\/\/lighthouse-bremen.de\/index.php?rest_route=\/wp\/v2\/pages\/762","targetHints":{"allow":["GET"]}}],"collection":[{"href":"https:\/\/lighthouse-bremen.de\/index.php?rest_route=\/wp\/v2\/pages"}],"about":[{"href":"https:\/\/lighthouse-bremen.de\/index.php?rest_route=\/wp\/v2\/types\/page"}],"author":[{"embeddable":true,"href":"https:\/\/lighthouse-bremen.de\/index.php?rest_route=\/wp\/v2\/users\/3"}],"replies":[{"embeddable":true,"href":"https:\/\/lighthouse-bremen.de\/index.php?rest_route=%2Fwp%2Fv2%2Fcomments&post=762"}],"version-history":[{"count":16,"href":"https:\/\/lighthouse-bremen.de\/index.php?rest_route=\/wp\/v2\/pages\/762\/revisions"}],"predecessor-version":[{"id":1223,"href":"https:\/\/lighthouse-bremen.de\/index.php?rest_route=\/wp\/v2\/pages\/762\/revisions\/1223"}],"up":[{"embeddable":true,"href":"https:\/\/lighthouse-bremen.de\/index.php?rest_route=\/wp\/v2\/pages\/5"}],"wp:attachment":[{"href":"https:\/\/lighthouse-bremen.de\/index.php?rest_route=%2Fwp%2Fv2%2Fmedia&parent=762"}],"curies":[{"name":"wp","href":"https:\/\/api.w.org\/{rel}","templated":true}]}}