{"id":69,"date":"2014-11-11T21:02:38","date_gmt":"2014-11-11T19:02:38","guid":{"rendered":"http:\/\/lighthouse-bremen.de\/?page_id=69"},"modified":"2025-01-29T17:09:56","modified_gmt":"2025-01-29T15:09:56","slug":"lh-advent","status":"publish","type":"page","link":"https:\/\/lighthouse-bremen.de\/?page_id=69","title":{"rendered":"Info"},"content":{"rendered":"<div class=\"wp-block-image\">\n<figure class=\"alignleft\"><img loading=\"lazy\" decoding=\"async\" width=\"300\" height=\"200\" src=\"http:\/\/lighthouse-bremen.de\/wp-content\/uploads\/2014\/11\/Projekt_LIGHTHOUSE-Schlachte-4-15-02-17-300x200.jpg\" alt=\"Projekt_LIGHTHOUSE Schlachte #4-15-02-17\" class=\"wp-image-102\" srcset=\"https:\/\/lighthouse-bremen.de\/wp-content\/uploads\/2014\/11\/Projekt_LIGHTHOUSE-Schlachte-4-15-02-17-300x200.jpg 300w, https:\/\/lighthouse-bremen.de\/wp-content\/uploads\/2014\/11\/Projekt_LIGHTHOUSE-Schlachte-4-15-02-17-1024x683.jpg 1024w\" sizes=\"auto, (max-width: 300px) 100vw, 300px\" \/><\/figure>\n<\/div>\n\n\n<p><strong style=\"font-size: 24px;\">Das LIGHTHOUSE erkl\u00e4rt<\/strong><\/p>\n\n\n\n<p>Es ist eine <a title=\"Google Maps\" rel=\"noopener noreferrer\" href=\"https:\/\/www.google.de\/maps\/place\/Martinikirchhof+1,+28195+Bremen\/@53.07518,8.80376,17z\/data=!3m1!4b1!4m2!3m1!1s0x47b12819e62e8f6f:0x4b3949653afa14d6\" target=\"_blank\"><strong>Location<\/strong><\/a>, ein fr\u00fcheres Pfarrhaus direkt an der Schlachte. <\/p>\n\n\n\n<p>Das Lighthouse der Bremische Evangelische&nbsp;Kirche steht f\u00fcr ein Konzept&nbsp;und Anliegen:  Die gute Nachricht, dass Gott jeden Menschen liebt und durch Jesus Christus pers\u00f6nlich erlebbar wird, zu den Menschen, \u00bbauf die Stra\u00dfe zu bringen\u00ab.  Dabei geht das LIGHTHOUSE neue Wege. Es wurden und werden neue Veranstaltungsformate entwickelt. Es gibt Veranstaltungen direkt im Lighthouse, wie z.B. Lighthouse-ADVENT, Lighthouse.KAMINGESPR\u00c4CH etc., in der City, in Bremer Kirchen und in Locations, wo Kirche sonst \u00fcblicherweise nicht zu finden ist. &nbsp;Alle Aktionen und Veranstaltungen des LIGHTHOUSE laufen unter dem Stichwort \u00bb<strong><a href=\"http:\/\/lighthouse-bremen.de\/wp-content\/uploads\/2017\/03\/Lighthouse_Thesen_2015_06_18-FINAL.pdf\">Mission Respekt<\/a><\/strong>\u00ab.<\/p>\n\n\n<div class=\"wp-block-image\">\n<figure class=\"alignright\"><a href=\"http:\/\/lighthouse-bremen.de\/wp-content\/uploads\/2014\/11\/Projekt_LIGHTHOUSE-Schlachte-3-15-02-12.jpg\"><img loading=\"lazy\" decoding=\"async\" width=\"300\" height=\"225\" src=\"http:\/\/lighthouse-bremen.de\/wp-content\/uploads\/2014\/11\/Projekt_LIGHTHOUSE-Schlachte-3-15-02-12-300x225.jpg\" alt=\"Projekt_LIGHTHOUSE Schlachte #3-15-02-12\" class=\"wp-image-103\" srcset=\"https:\/\/lighthouse-bremen.de\/wp-content\/uploads\/2014\/11\/Projekt_LIGHTHOUSE-Schlachte-3-15-02-12-300x225.jpg 300w, https:\/\/lighthouse-bremen.de\/wp-content\/uploads\/2014\/11\/Projekt_LIGHTHOUSE-Schlachte-3-15-02-12-1024x768.jpg 1024w\" sizes=\"auto, (max-width: 300px) 100vw, 300px\" \/><\/a><\/figure>\n<\/div>\n\n\n<p>Wenn Du gerne weitere Informationen zum LIGHTHOUSE w\u00fcnschst, schreib <a title=\"E-Mail Johannes M\u00fcller\" href=\"mailto:%20jmueller@lighthouse-bremen.de\" target=\"_blank\" rel=\"noopener noreferrer\"><strong>uns<\/strong><\/a>\u00a0gerne. Details zu den Veranstaltungen und anstehenden Terminen findest Du auf dieser Website, Lighthouse ist auf  <a href=\"https:\/\/www.facebook.com\/johannes.muller.71619\/\" target=\"_blank\" rel=\"noreferrer noopener\"><strong>Facebook<\/strong><\/a>  <strong><a href=\"https:\/\/www.instagram.com\/johannes_lighthouse\/\">Instagram<\/a> <a href=\"http:\/\/www.youtube.com\/@lighthousebremen\"> Youtube<\/a>  <a href=\"https:\/\/whatsapp.com\/channel\/0029VaDcX18J93weuLQE3C3A\">WhatsApp-Kanal<\/a> <\/strong> und bei der App <a href=\"https:\/\/www.churchpool.com\/de\/appholen.html\"><strong>Churchpool<\/strong><\/a> zu finden. Willst du immer auf dem Laufenden bleiben, dann abonniere den <a href=\"https:\/\/whatsapp.com\/channel\/0029VaDcX18J93weuLQE3C3A\"><strong>LIGHTHOUSE-WHATSAPP-KANAL<\/strong><\/a><\/p>\n","protected":false},"excerpt":{"rendered":"<p>Das LIGHTHOUSE erkl\u00e4rt Es ist eine Location, ein fr\u00fcheres Pfarrhaus direkt an der Schlachte. Das Lighthouse der Bremische Evangelische&nbsp;Kirche steht f\u00fcr ein Konzept&nbsp;und Anliegen: Die gute Nachricht, dass Gott jeden Menschen liebt und durch Jesus Christus pers\u00f6nlich erlebbar wird, zu den Menschen, \u00bbauf die Stra\u00dfe zu bringen\u00ab. Dabei geht das LIGHTHOUSE neue Wege. Es wurden &#8230; <span class=\"more\"><a class=\"more-link\" href=\"https:\/\/lighthouse-bremen.de\/?page_id=69\">[Read more&#8230;]<\/a><\/span><\/p>\n","protected":false},"author":1,"featured_media":0,"parent":0,"menu_order":0,"comment_status":"open","ping_status":"open","template":"page-full-width.php","meta":{"jetpack_post_was_ever_published":false,"footnotes":""},"class_list":["entry","page","publish","author-admin","post-69"],"jetpack_sharing_enabled":true,"jetpack_shortlink":"https:\/\/wp.me\/P6DzvA-17","_links":{"self":[{"href":"https:\/\/lighthouse-bremen.de\/index.php?rest_route=\/wp\/v2\/pages\/69","targetHints":{"allow":["GET"]}}],"collection":[{"href":"https:\/\/lighthouse-bremen.de\/index.php?rest_route=\/wp\/v2\/pages"}],"about":[{"href":"https:\/\/lighthouse-bremen.de\/index.php?rest_route=\/wp\/v2\/types\/page"}],"author":[{"embeddable":true,"href":"https:\/\/lighthouse-bremen.de\/index.php?rest_route=\/wp\/v2\/users\/1"}],"replies":[{"embeddable":true,"href":"https:\/\/lighthouse-bremen.de\/index.php?rest_route=%2Fwp%2Fv2%2Fcomments&post=69"}],"version-history":[{"count":31,"href":"https:\/\/lighthouse-bremen.de\/index.php?rest_route=\/wp\/v2\/pages\/69\/revisions"}],"predecessor-version":[{"id":1227,"href":"https:\/\/lighthouse-bremen.de\/index.php?rest_route=\/wp\/v2\/pages\/69\/revisions\/1227"}],"wp:attachment":[{"href":"https:\/\/lighthouse-bremen.de\/index.php?rest_route=%2Fwp%2Fv2%2Fmedia&parent=69"}],"curies":[{"name":"wp","href":"https:\/\/api.w.org\/{rel}","templated":true}]}}