{"id":601,"date":"2020-08-25T22:10:38","date_gmt":"2020-08-25T20:10:38","guid":{"rendered":"https:\/\/lighthouse-bremen.de\/?page_id=601"},"modified":"2024-11-11T14:08:51","modified_gmt":"2024-11-11T12:08:51","slug":"prayer-to-go","status":"publish","type":"page","link":"https:\/\/lighthouse-bremen.de\/?page_id=601","title":{"rendered":"Lighthouse.PRAYER TO GO&#8230;eine Gebetsandacht"},"content":{"rendered":"<div class=\"wp-block-image\">\n<figure class=\"alignright size-medium_large is-resized\"><a href=\"https:\/\/lighthouse-bremen.de\/wp-content\/uploads\/2022\/04\/sl_prayer2go.jpg\"><img loading=\"lazy\" decoding=\"async\" width=\"768\" height=\"450\" src=\"https:\/\/lighthouse-bremen.de\/wp-content\/uploads\/2022\/04\/sl_prayer2go-768x450.jpg\" alt=\"\" class=\"wp-image-713\" style=\"width:576px;height:338px\" srcset=\"https:\/\/lighthouse-bremen.de\/wp-content\/uploads\/2022\/04\/sl_prayer2go-768x450.jpg 768w, https:\/\/lighthouse-bremen.de\/wp-content\/uploads\/2022\/04\/sl_prayer2go-300x176.jpg 300w, https:\/\/lighthouse-bremen.de\/wp-content\/uploads\/2022\/04\/sl_prayer2go.jpg 900w\" sizes=\"auto, (max-width: 768px) 100vw, 768px\" \/><\/a><\/figure>\n<\/div>\n\n\n<p>Mit Gott \u00fcber unser Leben zu sprechen ist eines der gro\u00dfartigsten Dinge. Tagt\u00e4glich \u00fcber jedes Thema zu Gott zu beten, mit ihm zu reden, ist ein Segen. Gebet ist eine der praktischsten M\u00f6glichkeiten, wie wir einander aufrichtige Liebe und Unterst\u00fctzung zeigen k\u00f6nnen. PRAYER TO GO ist eine Glaubenspraxis f\u00fcr das moderne Leben.<br>In nur f\u00fcnf Minuten f\u00fchrt ein Gebet, <strong>PRAYER TO GO<\/strong>, Sie zu einem Ort der Liebe und Gnade und gibt Ihnen die Kraft, Ihr Leben Tag f\u00fcr Tag, Minute f\u00fcr Minute zu ver\u00e4ndern.<\/p>\n\n\n\n<p><strong>PRAYER TO GO<\/strong> ist immer auf einen Bibelvers ausgerichtet, setzt ihn in praktischen Bezug zu unserem Leben und schafft eine Verbindung zum dreieinigen Gott.<\/p>\n\n\n\n<p>Manche Menschen sind auf der Suche nach einer entspannten Ruhepause nach einem anstrengenden Tag.<br>Andere wollen neu den Glauben entdecken. Mancher hat den Wunsch eine regelm\u00e4\u00dfige spirituelle Praxis einzu\u00fcben, oder jemand ben\u00f6tigt Unterst\u00fctzung beim Umgang mit Schmerz oder Verlust.<br><strong>PRAYER TO GO<\/strong> will helfen eine neue Perspektive, einen neuen Blick f\u00fcr herausfordernde Lebensumst\u00e4nde zu erhalten.<\/p>\n\n\n\n<h3 class=\"wp-block-heading\">\u00bbPRAYER TO GO\u00ab per Whatsapp\/Telegram 6x die Woche, per Podcast 2x die Woche<\/h3>\n\n\n\n<ul class=\"wp-block-list\">\n<li><strong>per Link<\/strong> um der PRAYER TO GO  <strong><a href=\"https:\/\/chat.whatsapp.com\/Gk9cAhGVwVHJVzZg81lk1B\">WhatsApp-Gruppe<\/a><\/strong> beizutreten<\/li>\n\n\n\n<li><strong>per Link<\/strong> um PRAYER TO GO per <strong><a href=\"https:\/\/t.me\/prayertogo\">Telegram-Kanal<\/a><\/strong> zu abonnieren<\/li>\n\n\n\n<li><strong>per <a href=\"https:\/\/podcasters.spotify.com\/pod\/show\/lighthousebremen\">Podcast<\/a> <\/strong>um PRAYER TO GO zu entdecken und zu abonnieren <\/li>\n\n\n\n<!-- <li><strong>Weitere Infos unter:<\/strong> <a href=\"http:\/\/www.prayertogo.info\"><strong>http:\/\/www.prayertogo.info<\/strong><\/a><\/li> -->\n<\/ul>\n\n\n\n<h3 class=\"wp-block-heading\">Den neusten PTG Podcast hier h\u00f6ren:<\/h3>\n\n\n\n<a class=\"wp-block-jetpack-podcast-player jetpack-podcast-player__direct-link\" href=\"https:\/\/anchor.fm\/s\/322ffe54\/podcast\/rss\">https:\/\/anchor.fm\/s\/322ffe54\/podcast\/rss<\/a>\n\n\n\n<h3 class=\"wp-block-heading\">Hier k\u00f6nnen sie PRAYER TO GO abonnieren:<\/h3>\n\n\n\n<ul class=\"wp-block-list\">\n<li><a href=\"https:\/\/chat.whatsapp.com\/D2po3nmrGUvKUnrS5cD7GO\"><strong>WhatsApp<\/strong><\/a><\/li>\n\n\n\n<li><a href=\"https:\/\/open.spotify.com\/show\/6juuzZMkBc1ITePpgBwMy5\"><strong>Spotify<\/strong><\/a><\/li>\n\n\n\n<li><a href=\"https:\/\/podcasts.apple.com\/de\/podcast\/prayer-to-go\/id1529016692\"><strong>Apple Podcasts<\/strong><\/a><\/li>\n\n\n\n<li><a href=\"https:\/\/podcasts.google.com\/feed\/aHR0cHM6Ly9hbmNob3IuZm0vcy8zMjJmZmU1NC9wb2RjYXN0L3Jzcw==\"><strong>Google Podcasts<\/strong><\/a><\/li>\n\n\n\n<li><a href=\"https:\/\/overcast.fm\/itunes1529016692\/prayer-to-go\"><strong>Overcast<\/strong><\/a><\/li>\n\n\n\n<li><a href=\"https:\/\/anchor.fm\/lighthousebremen\"><strong>Anchor.fm<\/strong><\/a><\/li>\n\n\n\n<li><a href=\"https:\/\/anchor.fm\/s\/322ffe54\/podcast\/rss\"><strong>RSS<\/strong><\/a><\/li>\n<\/ul>\n","protected":false},"excerpt":{"rendered":"<p>Mit Gott \u00fcber unser Leben zu sprechen ist eines der gro\u00dfartigsten Dinge. Tagt\u00e4glich \u00fcber jedes Thema zu Gott zu beten, mit ihm zu reden, ist ein Segen. Gebet ist eine der praktischsten M\u00f6glichkeiten, wie wir einander aufrichtige Liebe und Unterst\u00fctzung zeigen k\u00f6nnen. PRAYER TO GO ist eine Glaubenspraxis f\u00fcr das moderne Leben.In nur f\u00fcnf Minuten &#8230; <span class=\"more\"><a class=\"more-link\" href=\"https:\/\/lighthouse-bremen.de\/?page_id=601\">[Read more&#8230;]<\/a><\/span><\/p>\n","protected":false},"author":1,"featured_media":0,"parent":5,"menu_order":0,"comment_status":"closed","ping_status":"closed","template":"page-full-width.php","meta":{"jetpack_post_was_ever_published":false,"footnotes":""},"class_list":["entry","page","publish","author-admin","post-601"],"jetpack_sharing_enabled":true,"jetpack_shortlink":"https:\/\/wp.me\/P6DzvA-9H","_links":{"self":[{"href":"https:\/\/lighthouse-bremen.de\/index.php?rest_route=\/wp\/v2\/pages\/601","targetHints":{"allow":["GET"]}}],"collection":[{"href":"https:\/\/lighthouse-bremen.de\/index.php?rest_route=\/wp\/v2\/pages"}],"about":[{"href":"https:\/\/lighthouse-bremen.de\/index.php?rest_route=\/wp\/v2\/types\/page"}],"author":[{"embeddable":true,"href":"https:\/\/lighthouse-bremen.de\/index.php?rest_route=\/wp\/v2\/users\/1"}],"replies":[{"embeddable":true,"href":"https:\/\/lighthouse-bremen.de\/index.php?rest_route=%2Fwp%2Fv2%2Fcomments&post=601"}],"version-history":[{"count":36,"href":"https:\/\/lighthouse-bremen.de\/index.php?rest_route=\/wp\/v2\/pages\/601\/revisions"}],"predecessor-version":[{"id":1189,"href":"https:\/\/lighthouse-bremen.de\/index.php?rest_route=\/wp\/v2\/pages\/601\/revisions\/1189"}],"up":[{"embeddable":true,"href":"https:\/\/lighthouse-bremen.de\/index.php?rest_route=\/wp\/v2\/pages\/5"}],"wp:attachment":[{"href":"https:\/\/lighthouse-bremen.de\/index.php?rest_route=%2Fwp%2Fv2%2Fmedia&parent=601"}],"curies":[{"name":"wp","href":"https:\/\/api.w.org\/{rel}","templated":true}]}}