{"id":504,"date":"2018-12-26T18:07:15","date_gmt":"2018-12-26T16:07:15","guid":{"rendered":"https:\/\/lighthouse-bremen.de\/?page_id=504"},"modified":"2026-01-15T10:35:17","modified_gmt":"2026-01-15T08:35:17","slug":"kamingespraech","status":"publish","type":"page","link":"https:\/\/lighthouse-bremen.de\/?page_id=504","title":{"rendered":"Lighthouse.KAMINGESPR\u00c4CHE f\u00fcr M\u00e4nner"},"content":{"rendered":"<div class=\"wp-block-image\">\n<figure class=\"alignright size-medium_large is-resized\"><a href=\"https:\/\/lighthouse-bremen.de\/wp-content\/uploads\/2022\/05\/fire-3792951_1280.jpg\"><img loading=\"lazy\" decoding=\"async\" width=\"768\" height=\"512\" src=\"https:\/\/lighthouse-bremen.de\/wp-content\/uploads\/2022\/05\/fire-3792951_1280-768x512.jpg\" alt=\"\" class=\"wp-image-731\" style=\"width:576px;height:384px\" srcset=\"https:\/\/lighthouse-bremen.de\/wp-content\/uploads\/2022\/05\/fire-3792951_1280-768x512.jpg 768w, https:\/\/lighthouse-bremen.de\/wp-content\/uploads\/2022\/05\/fire-3792951_1280-300x200.jpg 300w, https:\/\/lighthouse-bremen.de\/wp-content\/uploads\/2022\/05\/fire-3792951_1280-1024x682.jpg 1024w, https:\/\/lighthouse-bremen.de\/wp-content\/uploads\/2022\/05\/fire-3792951_1280.jpg 1280w\" sizes=\"auto, (max-width: 768px) 100vw, 768px\" \/><\/a><\/figure>\n<\/div>\n\n\n<p><strong>Drei gem\u00fctliche M\u00e4nner Abende 19h -20.30h im Lighthouse, um \u00fcber Gott und die Welt ins Gespr\u00e4ch zu kommen.<\/strong>  <\/p>\n\n\n\n<p><strong>MITTWOCHS 28.1.26 \/ 25.2.26 \/ 18.3.2<\/strong>6<\/p>\n\n\n\n<p>Nach einer Andacht und\/oder  Impulsgedanken (Live oder per Video), tauschen wir M\u00e4nner munter dar\u00fcber aus, wie Gott in das gro\u00dfe Bild unseres Lebens passt. An den  Abenden kommt immer die Bibel zu Wort. Es geht um pers\u00f6nliche Themen, die jeden Mann betreffen. Egal ob Christ, Suchend oder Neugierig, jeder Mann ist herzlich willkommen. An den Abenden gibt es Snacks und Getr\u00e4nke. <\/p>\n\n\n\n<p>Die Veranstaltung findet sich im <a href=\"https:\/\/lighthouse-bremen.de\/?page_id=9\">Lighthouse Kalender<\/a>  Willst du immer auf dem Laufenden bleiben, dann abonniere den <a href=\"https:\/\/whatsapp.com\/channel\/0029VaDcX18J93weuLQE3C3A\"><strong>LIGHTHOUSE-WHATSAPP-KANAL<\/strong><\/a><br><\/p>\n","protected":false},"excerpt":{"rendered":"<p>Drei gem\u00fctliche M\u00e4nner Abende 19h -20.30h im Lighthouse, um \u00fcber Gott und die Welt ins Gespr\u00e4ch zu kommen. MITTWOCHS 28.1.26 \/ 25.2.26 \/ 18.3.26 Nach einer Andacht und\/oder Impulsgedanken (Live oder per Video), tauschen wir M\u00e4nner munter dar\u00fcber aus, wie Gott in das gro\u00dfe Bild unseres Lebens passt. An den Abenden kommt immer die Bibel &#8230; <span class=\"more\"><a class=\"more-link\" href=\"https:\/\/lighthouse-bremen.de\/?page_id=504\">[Read more&#8230;]<\/a><\/span><\/p>\n","protected":false},"author":1,"featured_media":0,"parent":5,"menu_order":0,"comment_status":"closed","ping_status":"closed","template":"page-full-width.php","meta":{"jetpack_post_was_ever_published":false,"footnotes":""},"class_list":["entry","page","publish","author-admin","post-504"],"jetpack_sharing_enabled":true,"jetpack_shortlink":"https:\/\/wp.me\/P6DzvA-88","_links":{"self":[{"href":"https:\/\/lighthouse-bremen.de\/index.php?rest_route=\/wp\/v2\/pages\/504","targetHints":{"allow":["GET"]}}],"collection":[{"href":"https:\/\/lighthouse-bremen.de\/index.php?rest_route=\/wp\/v2\/pages"}],"about":[{"href":"https:\/\/lighthouse-bremen.de\/index.php?rest_route=\/wp\/v2\/types\/page"}],"author":[{"embeddable":true,"href":"https:\/\/lighthouse-bremen.de\/index.php?rest_route=\/wp\/v2\/users\/1"}],"replies":[{"embeddable":true,"href":"https:\/\/lighthouse-bremen.de\/index.php?rest_route=%2Fwp%2Fv2%2Fcomments&post=504"}],"version-history":[{"count":18,"href":"https:\/\/lighthouse-bremen.de\/index.php?rest_route=\/wp\/v2\/pages\/504\/revisions"}],"predecessor-version":[{"id":1284,"href":"https:\/\/lighthouse-bremen.de\/index.php?rest_route=\/wp\/v2\/pages\/504\/revisions\/1284"}],"up":[{"embeddable":true,"href":"https:\/\/lighthouse-bremen.de\/index.php?rest_route=\/wp\/v2\/pages\/5"}],"wp:attachment":[{"href":"https:\/\/lighthouse-bremen.de\/index.php?rest_route=%2Fwp%2Fv2%2Fmedia&parent=504"}],"curies":[{"name":"wp","href":"https:\/\/api.w.org\/{rel}","templated":true}]}}