{"id":334,"date":"2016-07-13T13:24:43","date_gmt":"2016-07-13T11:24:43","guid":{"rendered":"http:\/\/lighthouse-bremen.de\/?page_id=334"},"modified":"2026-01-15T10:42:30","modified_gmt":"2026-01-15T08:42:30","slug":"lighthouse-singpray","status":"publish","type":"page","link":"https:\/\/lighthouse-bremen.de\/?page_id=334","title":{"rendered":"Lighthouse.WORSHIP"},"content":{"rendered":"<div class=\"wp-block-image is-resized\">\n<figure class=\"alignright size-large\"><a href=\"https:\/\/lighthouse-bremen.de\/wp-content\/uploads\/2023\/11\/Lobpreis.png\"><img loading=\"lazy\" decoding=\"async\" width=\"1024\" height=\"602\" src=\"https:\/\/lighthouse-bremen.de\/wp-content\/uploads\/2023\/11\/Lobpreis-1024x602.png\" alt=\"\" class=\"wp-image-999\" style=\"aspect-ratio:1.7009966777408638;width:416px;height:auto\" srcset=\"https:\/\/lighthouse-bremen.de\/wp-content\/uploads\/2023\/11\/Lobpreis-1024x602.png 1024w, https:\/\/lighthouse-bremen.de\/wp-content\/uploads\/2023\/11\/Lobpreis-300x176.png 300w, https:\/\/lighthouse-bremen.de\/wp-content\/uploads\/2023\/11\/Lobpreis-768x452.png 768w, https:\/\/lighthouse-bremen.de\/wp-content\/uploads\/2023\/11\/Lobpreis.png 1037w\" sizes=\"auto, (max-width: 1024px) 100vw, 1024px\" \/><\/a><\/figure>\n<\/div>\n\n\n<p class=\"has-text-align-justify\">Das LIGHTHOUSE bietet Unterst\u00fctzung im Bereich moderner Kirchenmusik an.  Unter dem Stichwort <strong>&#8222;Worship&#8220; oder &#8222;Lobpreismusik&#8220;<\/strong> vereinigen sich die Musikstile der modernen Anbetungsmusik in Gottesdiensten. LIGHTHOUSE unterst\u00fctzt Lobpreis-Bands, die musikalisch weiterkommen m\u00f6chten, l\u00e4sst sich einladen, um die Kirchen-Band zu f\u00f6rdern, oder\u00a0organisiert mit der Gemeinde und einer Band einen Lobpreisabend f\u00fcr die ganze Gemeinde.\u00a0Johannes M\u00fcller ist seit \u00fcber 30 Jahren als Lobpreis-Leiter in Kirchen mit unterschiedlichen Musikformationen unterwegs.  <a href=\"https:\/\/www.youtube.com\/watch?v=Njv72B2nUDk\">Lighthouse-Youtube<\/a><\/p>\n","protected":false},"excerpt":{"rendered":"<p>Das LIGHTHOUSE bietet Unterst\u00fctzung im Bereich moderner Kirchenmusik an. Unter dem Stichwort &#8222;Worship&#8220; oder &#8222;Lobpreismusik&#8220; vereinigen sich die Musikstile der modernen Anbetungsmusik in Gottesdiensten. LIGHTHOUSE unterst\u00fctzt Lobpreis-Bands, die musikalisch weiterkommen m\u00f6chten, l\u00e4sst sich einladen, um die Kirchen-Band zu f\u00f6rdern, oder\u00a0organisiert mit der Gemeinde und einer Band einen Lobpreisabend f\u00fcr die ganze Gemeinde.\u00a0Johannes M\u00fcller ist seit &#8230; <span class=\"more\"><a class=\"more-link\" href=\"https:\/\/lighthouse-bremen.de\/?page_id=334\">[Read more&#8230;]<\/a><\/span><\/p>\n","protected":false},"author":1,"featured_media":0,"parent":5,"menu_order":0,"comment_status":"closed","ping_status":"closed","template":"page-full-width.php","meta":{"jetpack_post_was_ever_published":false,"footnotes":""},"class_list":["entry","page","publish","author-admin","post-334"],"jetpack_sharing_enabled":true,"jetpack_shortlink":"https:\/\/wp.me\/P6DzvA-5o","_links":{"self":[{"href":"https:\/\/lighthouse-bremen.de\/index.php?rest_route=\/wp\/v2\/pages\/334","targetHints":{"allow":["GET"]}}],"collection":[{"href":"https:\/\/lighthouse-bremen.de\/index.php?rest_route=\/wp\/v2\/pages"}],"about":[{"href":"https:\/\/lighthouse-bremen.de\/index.php?rest_route=\/wp\/v2\/types\/page"}],"author":[{"embeddable":true,"href":"https:\/\/lighthouse-bremen.de\/index.php?rest_route=\/wp\/v2\/users\/1"}],"replies":[{"embeddable":true,"href":"https:\/\/lighthouse-bremen.de\/index.php?rest_route=%2Fwp%2Fv2%2Fcomments&post=334"}],"version-history":[{"count":13,"href":"https:\/\/lighthouse-bremen.de\/index.php?rest_route=\/wp\/v2\/pages\/334\/revisions"}],"predecessor-version":[{"id":1288,"href":"https:\/\/lighthouse-bremen.de\/index.php?rest_route=\/wp\/v2\/pages\/334\/revisions\/1288"}],"up":[{"embeddable":true,"href":"https:\/\/lighthouse-bremen.de\/index.php?rest_route=\/wp\/v2\/pages\/5"}],"wp:attachment":[{"href":"https:\/\/lighthouse-bremen.de\/index.php?rest_route=%2Fwp%2Fv2%2Fmedia&parent=334"}],"curies":[{"name":"wp","href":"https:\/\/api.w.org\/{rel}","templated":true}]}}