{"id":314,"date":"2016-03-24T15:01:47","date_gmt":"2016-03-24T13:01:47","guid":{"rendered":"http:\/\/lighthouse-bremen.de\/?page_id=314"},"modified":"2025-09-02T12:32:43","modified_gmt":"2025-09-02T10:32:43","slug":"lighthouse-247","status":"publish","type":"page","link":"https:\/\/lighthouse-bremen.de\/?page_id=314","title":{"rendered":"Lighthouse.SINGEN"},"content":{"rendered":"\n\n\n<p><strong><mark style=\"background-color:rgba(0, 0, 0, 0)\" class=\"has-inline-color has-vivid-red-color\">1<\/mark> <u>Z\u00fcnde an dein Feuer<\/u>, Herr, im Herzen mir, hell m\u00f6g es brennen, lieber Heiland, dir. Was ich bin und habe, soll dein Eigen sein. In deine H\u00e4nde schlie\u00dfe fest mich ein.<\/strong><\/p>\n\n\n\n<p>Vers 2<\/p>\n\n\n\n<p><strong>Wollest mich bewahren, wenn der Satan droht, du bist der Retter, Herr, von S\u00fcnd und Tod. In der Weltnacht Dunkel leuchte mir als Stern, Herr, bleibe bei mir, sei mir niemals fern.<\/strong><\/p>\n\n\n\n<p>Vers 3<\/p>\n\n\n\n<p><strong>Bald wird uns leuchten Gottes ewges Licht, freue dich, Seele, und verzage nicht! Lass die Klagen schweigen, wenn das Lied erschallt, fr\u00f6hlichen Glaubens: Unser Herr kommt bald!<\/strong><\/p>\n\n\n\n<p><strong><mark style=\"background-color:rgba(0, 0, 0, 0)\" class=\"has-inline-color has-vivid-red-color\">2<\/mark> <em><u>Herr, wir sind zu dir gekommen<\/u>, um in deinem Dienst zu stehn. So, wie du uns angenommen, lass uns unsern N\u00e4chsten sehn.<\/em><\/strong><\/p>\n\n\n\n<p>Vers 1<\/p>\n\n\n\n<p><strong>Du bist das Licht der Welt. Du hast die Nacht erhellt. Mitten in all dem Leid, hast du uns befreit.<\/strong><\/p>\n\n\n\n<p>Vers 2<\/p>\n\n\n\n<p><strong>Du bist das &#8222;A&#8220; und &#8222;O&#8220;. Du machst mich wieder froh. Und ich will wie ein Kind, dir vertraue<\/strong>n blind.<\/p>\n\n\n\n<p>Vers 3<\/p>\n\n\n\n<p><strong>Du nur bist Gott und Herr. Dir sei Lob, Preis und Ehr. Jetzt und zu jeder Zeit, und in Ewigkeit.<\/strong><\/p>\n\n\n\n<p><strong><mark style=\"background-color:rgba(0, 0, 0, 0)\" class=\"has-inline-color has-vivid-red-color\">3<\/mark> <u>Dir geh\u00f6rt mein Lob,<\/u>&nbsp;wenn dein Segen in Str\u00f6men flie\u00dft, du mir mehr als gen\u00fcgend gibst. Dir geh\u00f6rt mein Lob.<\/strong><\/p>\n\n\n\n<p>Vers 2<\/p>\n\n\n\n<p><strong>Und dir geh\u00f6rt mein Lob, auch wenn ich mich verloren f\u00fchl. In der W\u00fcste und ohne Ziel. Dir geh\u00f6rt mein Lob.<\/strong><\/p>\n\n\n\n<p>Pre-Chorus<\/p>\n\n\n\n<p><strong>Jeder Segen, den du schenkst, wird zum Lob f\u00fcr dich. Und selbst, wenn ich im Dunkeln steh, Herr, gilt das f\u00fcr mich.<\/strong><\/p>\n\n\n\n<p>Chorus<\/p>\n\n\n\n<p><strong>Jesus, dir geh\u00f6rt all mein Lob, dir geh\u00f6rt mein Lob. Jesus, dir geh\u00f6rt all mein Lob Deinen Namen preise ich, Herr.&nbsp;<\/strong><\/p>\n\n\n\n<p>Vers 3<\/p>\n\n\n\n<p><strong>Dir geh\u00f6rt mein Lob, wenn die Sonne am Himmel scheint, es das Leben gut mit mir meint. Dir geh\u00f6rt mein Lob.<\/strong><\/p>\n\n\n\n<p>Vers 4<\/p>\n\n\n\n<p><strong>Und dir geh\u00f6rt mein Lob, wenn der Weg auch nicht einfach ist, sich mein Lobpreis mit Leiden mischt. Dir geh\u00f6rt mein Lob.<\/strong><\/p>\n\n\n\n<p><\/p>\n\n\n\n<p><strong><mark style=\"background-color:rgba(0, 0, 0, 0)\" class=\"has-inline-color has-vivid-red-color\">4<\/mark><\/strong> <strong><u>Mein Jesus, mein Retter,<\/u>&nbsp;keiner ist so wie du. Lobpreis sei dir jeden Tag mehr f\u00fcr deine gro\u00dfe Liebe, Herr. Mein Tr\u00f6ster, mein Helfer, du bist mir Zuflucht und Kraft. Alles in mir beugt sich vor dir. Du bist hoch erhoben, Herr!<\/strong><\/p>\n\n\n\n<p>Chorus<\/p>\n\n\n\n<p><strong>Ruft zu dem Herrn, alle Enden der Welt! Ehre und Dank dem der alles erh\u00e4lt. Himmel und Erde, erhebt ihn und singt, wenn sein Name erklingt. Wir preisen dich, du hast Gro\u00dfes getan. Wir kommen vor dich und beten dich an. Dank sei dir, Herr, du bist unvergleichlich gut.<\/strong><\/p>\n\n\n\n<p><\/p>\n\n\n\n<p><strong><mark style=\"background-color:rgba(0, 0, 0, 0)\" class=\"has-inline-color has-vivid-red-color\">5<\/mark><\/strong> <strong><u>Ein K\u00f6nig voller Pracht,&nbsp;<\/u>voll Weisheit und voll Macht.<u>&nbsp;<\/u>Die Sch\u00f6pfung betet an, die Sch\u00f6pfung betet an.<u>&nbsp;<\/u>Er kleidet sich in Licht, das Dunkel h\u00e4lt ihn nicht.<u>&nbsp;<\/u>Und flieht, sobald er spricht,<u>&nbsp;<\/u>und flieht, sobald er spricht.<\/strong><\/p>\n\n\n\n<p><strong>Chorus<\/strong><\/p>\n\n\n\n<p><strong><em>So gro\u00df ist der Herr, singt mit mir. So gro\u00df ist der Herr, ihn preisen wir. So gro\u00df, so gro\u00df ist der Herr.<\/em><\/strong><\/p>\n\n\n\n<p><strong>Vers 2<\/strong><\/p>\n\n\n\n<p><strong>Von Anbeginn der Zeit bis in die Ewigkeit. Bleibt er derselbe Gott, bleibt er derselbe Gott.<\/strong><\/p>\n\n\n\n<p><strong>Als Vater, Sohn und Geist, den alle Sch\u00f6pfung preist. Als L\u00f6we und als Lamm, als L\u00f6we und als Lamm.<\/strong><\/p>\n\n\n\n<p><strong>Bridge<\/strong><\/p>\n\n\n\n<p><strong>Sein Name sei erh\u00f6ht. Denn er verdient das Lob. Wir singen laut: So gro\u00df ist der Herr.<\/strong><\/p>\n\n\n\n<p><\/p>\n\n\n\n<p><mark style=\"background-color:rgba(0, 0, 0, 0)\" class=\"has-inline-color has-vivid-red-color\"><strong>6<\/strong><\/mark> <strong><u>Gro\u00dfer Gott, wir loben dich;\u00a0<\/u>Herr, wir preisen deine St\u00e4rke.<\/strong> <strong>Vor dir neigt die Erde sich und bewundert deine Werke.<\/strong> <strong>Wie du warst vor aller Zeit, so bleibst du in Ewigkeit.<\/strong><\/p>\n\n\n\n<p><strong>Vers 2<\/strong><\/p>\n\n\n\n<p><strong>Alles, was dich preisen kann, Cherubim und Seraphinen stimmen dir ein Loblied an; alle Engel, die dir dienen, rufen dir stets ohne Ruh \u00bbHeilig, heilig, heilig!\u00ab zu.<\/strong>  <\/p>\n\n\n\n<p><\/p>\n\n\n\n<p><strong>Vers 3<\/strong><\/p>\n\n\n\n<p><strong>Heilig, Herr Gott Zebaoth! Heilig, Herr der Himmelsheere! Starker Helfer in der Not! Himmel, Erde, Luft und Meere sind erf\u00fcllt von deinem Ruhm; alles ist dein Eigentum.<\/strong><\/p>\n\n\n\n<p><\/p>\n\n\n\n<p><strong><mark style=\"background-color:rgba(0, 0, 0, 0)\" class=\"has-inline-color has-vivid-red-color\">7<\/mark><\/strong> <strong><u>Jesus, h\u00f6chster Name,&nbsp;<\/u>teurer Erl\u00f6ser, siegreicher Herr.<u>&nbsp;<\/u>Immanuel, Gott ist mit uns,herrlicher Heiland, lebendiges Wort.<\/strong><\/p>\n\n\n\n<p><strong>Er ist der Friede-F\u00fcrst und der allm\u00e4cht\u00b4ge Gott, Ratgeber Wunderbar, Ewiger Vater und die Herrschaft ruht auf seiner Schulter und seines Friedensreichs wird kein Ende sein.<\/strong><\/p>\n\n\n\n<p><\/p>\n\n\n\n<p><strong><mark style=\"background-color:rgba(0, 0, 0, 0)\" class=\"has-inline-color has-vivid-red-color\">8<\/mark><\/strong> <strong><u>In Christus ist mein ganzer Halt.&nbsp;<\/u>Er ist mein Licht, mein Heil, mein Lied, der Eckstein und der feste Grund, sicherer Halt in Sturm und Wind. Wer liebt wie er, stillt meine Angst, bringt Frieden mir mitten im Kampf? Mein Trost ist er, in allem Leid. In seiner Liebe find ich Halt.<\/strong><\/p>\n\n\n\n<p><strong>Vers 2<\/strong><\/p>\n\n\n\n<p><strong>Das ewge Wort, als Mensch geborn. Gott offenbart in einem Kind.<\/strong> <strong>Der Herr der Welt, verlacht, verh\u00f6hnt und von den Seinen abgelehnt.<\/strong> <strong>Doch dort am Kreuz, wo Jesus starb und Gottes Zorn ein Ende fand,<\/strong> <strong>trug er die Schuld der ganzen Welt. Durch seine Wunden bin ich heil.<\/strong><\/p>\n\n\n\n<p><strong>Vers 3<\/strong><\/p>\n\n\n\n<p><strong>Sie legten ihn ins k\u00fchle Grab. Dunkel umfing das Licht der Welt.<\/strong> <strong>Doch morgens fr\u00fch am dritten Tag wurde die Nacht vom Licht erhellt. Der Tod besiegt, das Grab ist leer, der Fluch der S\u00fcnde ist nicht mehr.<\/strong><\/p>\n\n\n\n<p><strong>Denn ich bin sein, und er ist mein. Mit seinem Blut macht er mich rein.<\/strong><\/p>\n\n\n\n<p><strong>Vers 4<\/strong><\/p>\n\n\n\n<p><strong>Nun hat der Tod die Macht verlorn. Ich bin durch Christus neu geborn.<\/strong> <strong>Mein Leben liegt in seiner Hand vom ersten Atemzuge an.<\/strong> <strong>Und keine Macht in dieser Welt kann mich ihm rauben, der mich h\u00e4lt,&nbsp;<\/strong> <strong>bis an das Ende dieser Zeit, wenn er erscheint in Herrlichkeit.<\/strong><\/p>\n\n\n\n<p><\/p>\n\n\n\n<p><strong><mark style=\"background-color:rgba(0, 0, 0, 0)\" class=\"has-inline-color has-vivid-red-color\">9<\/mark><\/strong> <strong><u>Nun danket alle Gott&nbsp;<\/u>mit Herzen, Mund und H\u00e4nden,<u>&nbsp;<\/u>der gro\u00dfe Dinge tut<u>&nbsp;<\/u>an uns und allen Enden,<u>&nbsp;<\/u>der uns von Mutterleib<u>&nbsp;<\/u>und Kindesbeinen an<\/strong> <strong>unz\u00e4hlig viel zugut bis hierher hat getan.<\/strong><\/p>\n\n\n\n<p><strong>Vers 2<\/strong> <\/p>\n\n\n\n<p><strong>Der ewigreiche Gott woll uns in unserm Leben ein immer fr\u00f6hlich Herz und edlen Frieden geben und uns in seiner Gnad erhalten fort und fort und uns aus aller Not erl\u00f6sen hier und dort.<\/strong><\/p>\n\n\n\n<p><strong>Vers 3<\/strong><\/p>\n\n\n\n<p><strong>Lob, Ehr und Preis sei Gott dem Vater und dem Sohne und Gott dem Heilgen Geist&nbsp;&nbsp;m h\u00f6chsten Himmelsthrone, ihm, dem dreieinen Gott, wie es im Anfang war und ist und bleiben wird jetzt und auch immerdar.<\/strong><\/p>\n\n\n\n<div class=\"wp-block-group is-vertical is-layout-flex wp-container-core-group-is-layout-8cf370e7 wp-block-group-is-layout-flex\">\n<div class=\"wp-block-group\"><div class=\"wp-block-group__inner-container is-layout-constrained wp-block-group-is-layout-constrained\">\n<p><mark style=\"background-color:rgba(0, 0, 0, 0)\" class=\"has-inline-color has-vivid-red-color\"><strong>10<\/strong><\/mark><span style=\"text-decoration: underline;\"><strong> Ich lieb dich, Herr. Nie verl\u00e4sst mich deine Gnade.<\/strong><\/span><strong> Jeden Tag h\u00e4ltst du mich in der Hand.<\/strong><\/p>\n\n\n\n<p><strong>Vom Moment, wenn ich erwache, bis ich mich schlafen leg, sing ich von deiner G\u00fcte,<\/strong> <strong>mein Gott<\/strong>.<\/p>\n<\/div><\/div>\n\n\n\n<p><strong>Chorus<\/strong><\/p>\n\n\n\n<p><strong>Mein ganzes Leben warst du treu, Herr.\u00b4Mein ganzes Leben warst du so, so gut.<\/strong><\/p>\n\n\n\n<p><strong>Solang ich kann, solang ich atme, sing ich von deiner G\u00fcte, mein Gott<\/strong>.<\/p>\n<\/div>\n\n\n\n<p><strong>Vers 2<\/strong><\/p>\n\n\n\n<p><strong>Ich lieb dein Wort. Du f\u00fchrst mich auch durch das Feuer. In tiefster Nacht bist du nah wie kein andrer. Ich kenne dich als Vater, ich kenne dich als Freund. Ich leb in deiner G\u00fcte, mein Gott.<\/strong><\/p>\n\n\n\n<p><strong>Bridge<\/strong><\/p>\n\n\n\n<p><strong>Deine G\u00fcte, sie jagt mir nach, sie jagt mir immer nach. Deine G\u00fcte, sie jagt mir nach, sie jagt mir immer nach. Alles, was ich bin, leg ich vor dich <\/strong>h<strong>in. Ich gebe alles dir. Deine G\u00fcte, sie jagt mir nach, sie jagt mir immer nach.<\/strong><\/p>\n\n\n\n<p><\/p>\n\n\n\n<p><span style=\"text-decoration: underline;\"><strong><mark style=\"background-color:rgba(0, 0, 0, 0)\" class=\"has-inline-color has-vivid-red-color\">11 <\/mark><\/strong><\/span><strong><span style=\"text-decoration: underline;\"> Komm, jetzt ist die Zeit, wir beten an. <\/span>Komm, jetzt ist die Zeit, gib ihm dein Herz.<\/strong><\/p>\n\n\n\n<p><strong>Komm, so wie du bist und bete an. Komm, so wie du bist vor deinen Gott. Komm<\/strong>.<\/p>\n\n\n\n<p><strong>Vers<\/strong><\/p>\n\n\n\n<p><strong>Jede Zunge wird dich bekennen als Gott, jeder wird sich beugen vor dir.<\/strong><\/p>\n\n\n\n<p><strong>Doch der gr\u00f6\u00dfte Schatz bleibt f\u00fcr die bestehn, die jetzt schon mit dir gehn.<\/strong><\/p>\n\n\n\n<p><span style=\"text-decoration: underline;\"><strong><mark style=\"background-color:rgba(0, 0, 0, 0)\" class=\"has-inline-color has-vivid-red-color\">12<\/mark> Ich sehne mich nach einem Ort, wo alles Leid ein Ende hat,<\/strong><\/span> <strong>denn was ich mit den Augen seh, kann meine Seele nicht verstehn.<\/strong><\/p>\n\n\n\n<p><strong>Vers 2<\/strong><\/p>\n\n\n\n<p><strong>Ich wei\u00df, du hast den besten Plan, auf den ich mich verlassen kann, auf jedem noch so schweren Weg schau ich auf das, was nie vergeht.<\/strong><\/p>\n\n\n\n<p><strong>Chorus<\/strong><\/p>\n\n\n\n<p><strong><em>Die Ewigkeit ist mein Zuhause, du hast sie mir ins Herz gelegt, auch wenn ich sterben werde, wei\u00df ich, dass meine Seele ewig lebt. Und diese Hoffnung wird mich tragen, bis ich dir gegen\u00fcber steh.<\/em><\/strong><\/p>\n\n\n\n<p><strong>Vers 3<\/strong><\/p>\n\n\n\n<p><strong>Ich wei\u00df, ich bin nur zu Besuch, denn wahre Heimat gibst nur du, als B\u00fcrger deines Himmelreichs werd ich f\u00fcr immer bei dir sein.<\/strong><\/p>\n\n\n\n<p><strong>Vers 4<\/strong><\/p>\n\n\n\n<p><strong>Mit Fokus auf die Ewigkeit leb ich f\u00fcr das, was ewig bleibt, das Ziel vor Augen Tag f\u00fcr Tag, bis ich den Lauf vollendet hab.<\/strong><\/p>\n\n\n\n<p><strong><mark style=\"background-color:rgba(0, 0, 0, 0)\" class=\"has-inline-color has-vivid-red-color\">13<\/mark> <span style=\"text-decoration: underline;\">Wo ich auch stehe, du warst schon da.<\/span> Wenn ich auch fliehe, du bist mir nah. Was ich auch denke, du wei\u00dft es schon. Was ich auch f\u00fchle, du wirst versteh&#8217;n.<\/strong><\/p>\n\n\n\n<p><strong>Chorus<\/strong><\/p>\n\n\n\n<p><strong><em>Und ich danke dir, dass du mich kennst und trotzdem liebst, und dass du mich beim Namen nennst und mir vergibst.<\/em> <em>Herr, du richtest mich wieder auf, und du hebst mich zu dir hinauf. Ja, ich danke dir, dass du mich kennst und trotzdem liebst.<\/em><\/strong><\/p>\n\n\n\n<p><strong>Vers 2<\/strong><\/p>\n\n\n\n<p><strong>Du kennst mein Herz, die Sehnsucht in mir. Als wahrer Gott und Mensch warst du hier. In allem uns gleich und doch ohne Schuld. Du bist barmherzig, voller Geduld.<\/strong><\/p>\n\n\n\n<p><strong><mark style=\"background-color:rgba(0, 0, 0, 0)\" class=\"has-inline-color has-vivid-red-color\">14 <\/mark>Du gro\u00dfer Gott, wenn ich die Welt betrachte, die du geschaffen durch dein Allmachtswort, wenn ich auf alle jene Wesen achte, die du regierst und n\u00e4hrest fort und fort.<\/strong><\/p>\n\n\n\n<p><strong>Chorus<\/strong><\/p>\n\n\n\n<p><em><strong>Dann jauchzt mein Herz dir, gro\u00dfer Herrscher, zu: Wie gro\u00df bist du, wie gro\u00df bist du! Dann jauchzt mein Herz dir, gro\u00dfer Herrscher zu: Wie gro\u00df bist du, wie gro\u00df bist du!<\/strong><\/em><\/p>\n\n\n\n<p><strong>Vers 2<\/strong><\/p>\n\n\n\n<p><strong>Blick ich empor zu jenen lichten H\u00f6hen und seh die Sonne strahlen wunderbar und seh den Mond des nachts am Himmel stehen und all der Sterne unz\u00e4hlbare Schar.<\/strong><\/p>\n\n\n\n<p><strong>Vers 3<\/strong><\/p>\n\n\n\n<p><strong>Wenn mir der Herr in seinem Wort begegnet, wenn ich die gro\u00dfen Gnadentaten seh, wie er das Volk des Eigentums gesegnet, wie er&#8217;s geliebt, begnadigt je und je.<\/strong><\/p>\n\n\n\n<p><strong>Vers 4<\/strong><\/p>\n\n\n\n<p><strong>Und seh ich Jesus auf der Erde wandeln, in Knechtsgestalt voll Lieb und gro\u00dfer Huld, wenn ich im Geiste seh sein g\u00f6ttlich Handeln, am Kreuz bezahlen vieler S\u00fcnder Schuld.<\/strong><\/p>\n\n\n\n<p><strong><span style=\"text-decoration: underline;\"><mark style=\"background-color:rgba(0, 0, 0, 0)\" class=\"has-inline-color has-vivid-red-color\">15<\/mark> Tausend Genrationen knien in Anbetung<\/span>, sie singen: <\/strong>\u201c<strong>Alle Ehre sei dem Lamm.\u201d Und wer uns schon vorausging, und wer noch glauben wird, sie singen: \u201cAlle Ehre sei dem Lamm.\u201d<\/strong><\/p>\n\n\n\n<p><strong>&nbsp;(Jesus), dein Name ist h\u00f6her, dein Name ist gr\u00f6\u00dfer und nichts reicht an dich heran. Kein Thron, keine Herrschaft, kein Reich und keine Weltmacht, nein, nichts reicht an dich heran.<\/strong><\/p>\n\n\n\n<p><strong>Und der Himmel singt: \u201cHeilig\u201d, alle Sch\u00f6pfung singt: \u201cHeilig\u201d. Du bist hoch erh\u00f6h<\/strong>t, <strong>heilig, heilig f\u00fcr immer.<\/strong><\/p>\n\n\n\n<p><strong>Vers 2<\/strong><strong><\/strong><\/p>\n\n\n\n<p><strong>Hat er dir vergeben und hat er dich erl\u00f6st, dann sing ihm dieses Lied f\u00fcr alle Zeit. Wenn er dich befreit hat und du zu ihm geh\u00f6rst, dann sing ihm dieses Lied f\u00fcr alle Zeit. Wir singen dieses Lied in Ewigkeit.<\/strong><\/p>\n\n\n\n<p><strong>Chorus 2<\/strong><strong><\/strong><\/p>\n\n\n\n<p><strong>H\u00f6r dein Volk, es singt: \u201cHeilig\u201d, dir, dem Herrn der Herrn: \u201cHeilig\u201d, denn du bist und bleibst heilig, heilig f\u00fcr immer.<\/strong><\/p>\n\n\n\n<p><strong><span style=\"text-decoration: underline;\"><mark style=\"background-color:rgba(0, 0, 0, 0)\" class=\"has-inline-color has-vivid-red-color\">16 <\/mark> Der Herr segne dich und beh\u00fcte dich lass sein Angesich<\/span>t leuchten und sei gn\u00e4dig mit dir Sein Angesicht sei dir zugewandt Friede mit dir<\/strong>. <\/p>\n\n\n\n<p>Amen amen amen Amen amen amen<\/p>\n\n\n\n<p><\/p>\n\n\n\n<p><strong>Seine Gunst sei immer auf dir und auf tausend derer nach dir auf den Kindern deiner Kinder und den Kindern ihrer Kinder Der Herr selbst sei immer mit dir gehe vor dir und auch nach dir Er sei um dich und durchdring dich Er ist mit dir Er ist mit dir jeden Morgen jeden Abend wenn du kommst und wenn du gehst und wenn du weinst und wenn du jubelst Er ist f\u00fcr dich Er ist f\u00fcr dich<\/strong><\/p>\n\n\n\n<p><strong><span style=\"text-decoration: underline;\"><mark style=\"background-color:rgba(0, 0, 0, 0)\" class=\"has-inline-color has-vivid-red-color\">17<\/mark>  <em>Komm und lobe den Herrn, meine Seele, sing, bete den K\u00f6nig an.<\/em> <\/span><\/strong><span style=\"text-decoration: underline;\"><strong><em>S<\/em><\/strong><\/span><em><strong>ing wie niemals zuvor nur f\u00fcr ihn, und bete den K\u00f6<\/strong><\/em><strong><em>nig an.<\/em> <\/strong><\/p>\n\n\n\n<p><strong>Ein neuer Tag und ein neuer Morgen, und wieder bring ich dir mein Lob. Was heut vor mir liegt und was immer auch geschehn mag: lass mich noch singen, wenn der Abend kommt.<\/strong><\/p>\n\n\n\n<p><strong>Du liebst so sehr und vergibst geduldig, schenkst Gnade, Trost und Barmherzigkeit. Von deiner G\u00fcte will ich immer singen: zehntausend Gr\u00fcnde gibst du mir daf\u00fcr.<\/strong><\/p>\n\n\n\n<p><strong>Und wenn am Ende die Kr\u00e4fte schwinden, wenn meine Zeit dann gekommen ist, wird meine Seele dich weiter preisen, zehntausend Jahre und in Ewigkeit.<\/strong><\/p>\n\n\n\n<p><strong><span style=\"text-decoration: underline;\"><mark style=\"background-color:rgba(0, 0, 0, 0)\" class=\"has-inline-color has-vivid-red-color\">18<\/mark>  You are here moving in our midst I worship<\/span> You I worship You You are here working in this place I worship You I worship You<\/strong><\/p>\n\n\n\n<p><em>&nbsp;(<strong>You are) Way Maker Miracle Worker Promise Keeper Light in the darkness my God that is who You are<\/strong><\/em><\/p>\n\n\n\n<p><strong>You are here touching ev&#8217;ry heart I worship You I worship You You are here healing ev&#8217;ry heart I worship You I worship You You are here turning lives around I worship You I worship You You are here mending ev&#8217;ry heart I worship You yeah I worship You Lord<\/strong><\/p>\n\n\n\n<p><\/p>\n\n\n\n<p><strong>Even when I don&#8217;t see it You&#8217;re working Even when I don&#8217;t feel it You&#8217;re working You never stop You never stop working You never stop You never stop working<\/strong><\/p>\n","protected":false},"excerpt":{"rendered":"<p>1 Z\u00fcnde an dein Feuer, Herr, im Herzen mir, hell m\u00f6g es brennen, lieber Heiland, dir. Was ich bin und habe, soll dein Eigen sein. In deine H\u00e4nde schlie\u00dfe fest mich ein. Vers 2 Wollest mich bewahren, wenn der Satan droht, du bist der Retter, Herr, von S\u00fcnd und Tod. In der Weltnacht Dunkel leuchte &#8230; <span class=\"more\"><a class=\"more-link\" href=\"https:\/\/lighthouse-bremen.de\/?page_id=314\">[Read more&#8230;]<\/a><\/span><\/p>\n","protected":false},"author":1,"featured_media":0,"parent":5,"menu_order":0,"comment_status":"closed","ping_status":"closed","template":"page-full-width.php","meta":{"jetpack_post_was_ever_published":false,"footnotes":""},"class_list":["entry","page","publish","author-admin","post-314"],"jetpack_sharing_enabled":true,"jetpack_shortlink":"https:\/\/wp.me\/P6DzvA-54","_links":{"self":[{"href":"https:\/\/lighthouse-bremen.de\/index.php?rest_route=\/wp\/v2\/pages\/314","targetHints":{"allow":["GET"]}}],"collection":[{"href":"https:\/\/lighthouse-bremen.de\/index.php?rest_route=\/wp\/v2\/pages"}],"about":[{"href":"https:\/\/lighthouse-bremen.de\/index.php?rest_route=\/wp\/v2\/types\/page"}],"author":[{"embeddable":true,"href":"https:\/\/lighthouse-bremen.de\/index.php?rest_route=\/wp\/v2\/users\/1"}],"replies":[{"embeddable":true,"href":"https:\/\/lighthouse-bremen.de\/index.php?rest_route=%2Fwp%2Fv2%2Fcomments&post=314"}],"version-history":[{"count":35,"href":"https:\/\/lighthouse-bremen.de\/index.php?rest_route=\/wp\/v2\/pages\/314\/revisions"}],"predecessor-version":[{"id":1271,"href":"https:\/\/lighthouse-bremen.de\/index.php?rest_route=\/wp\/v2\/pages\/314\/revisions\/1271"}],"up":[{"embeddable":true,"href":"https:\/\/lighthouse-bremen.de\/index.php?rest_route=\/wp\/v2\/pages\/5"}],"wp:attachment":[{"href":"https:\/\/lighthouse-bremen.de\/index.php?rest_route=%2Fwp%2Fv2%2Fmedia&parent=314"}],"curies":[{"name":"wp","href":"https:\/\/api.w.org\/{rel}","templated":true}]}}