{"id":242,"date":"2015-09-09T20:59:00","date_gmt":"2015-09-09T18:59:00","guid":{"rendered":"http:\/\/lighthouse-bremen.de\/?page_id=242"},"modified":"2024-11-11T14:05:16","modified_gmt":"2024-11-11T12:05:16","slug":"lighthouse-stadtpilgern","status":"publish","type":"page","link":"https:\/\/lighthouse-bremen.de\/?page_id=242","title":{"rendered":"Lighthouse.PILGERN f\u00fcr Gruppen"},"content":{"rendered":"<div class=\"wp-block-image\">\n<figure class=\"alignright size-full is-resized\"><a href=\"https:\/\/lighthouse-bremen.de\/wp-content\/uploads\/2015\/09\/02.jpg\"><img loading=\"lazy\" decoding=\"async\" width=\"986\" height=\"712\" src=\"https:\/\/lighthouse-bremen.de\/wp-content\/uploads\/2015\/09\/02.jpg\" alt=\"\" class=\"wp-image-234\" style=\"width:493px;height:356px\" srcset=\"https:\/\/lighthouse-bremen.de\/wp-content\/uploads\/2015\/09\/02.jpg 986w, https:\/\/lighthouse-bremen.de\/wp-content\/uploads\/2015\/09\/02-300x217.jpg 300w\" sizes=\"auto, (max-width: 986px) 100vw, 986px\" \/><\/a><\/figure>\n<\/div>\n\n\n<p>Die Bremer Innenstadt pilgernd zu erfahren, dazu l\u00e4dt das <strong>Lighthouse<\/strong> ein. Ob f\u00fcr Gemeindegruppen (Hauskreise, Senioren-Gruppen, M\u00e4nner\/ Frauengruppen etc.) Je nach <strong><a href=\"https:\/\/lighthouse-bremen.de\/?page_id=127\">Terminabsprache<\/a><\/strong> mit Johannes M\u00fcller.<\/p>\n\n\n\n<p>In rund 90min gilt es christliche Spuren im Stadtbild zu entdecken. Spiritualit\u00e4t l\u00e4sst sich in allt\u00e4glicher Umgebung erfahren, wenn wir darauf achten und uns darauf einlassen. Mit Texten, Gedanken und Gebeten an verschiedenen Orten innehalten und dadurch Bekanntes neu erleben.<\/p>\n\n\n\n<p>Ausserdem es gibt regelm\u00e4ssige <strong>Jahres-Termine f\u00fcr Pilger<\/strong>: <\/p>\n\n\n\n<p><strong>PILGER AUFBRUCH<\/strong>  22.2.25 9h Andacht im Dom, 9.30h Begegnung im LIGHTHOUSE<\/p>\n\n\n\n<p><strong>PILGER KLAUSE<\/strong> 18.6.25 18h Gem\u00fctliches Beisammensein mit Snacks&amp;Getr\u00e4nken im LIGHTHOUSE<\/p>\n\n\n\n<p><strong>PILGER ANKOMMEN<\/strong>  8.11.25 9h Andacht im Dom, 9.30h Begegnung im LIGHTHOUSE<\/p>\n\n\n\n<p><strong><a href=\"https:\/\/jakobswegfreun.de\/author\/martin\/\">Jakobus Pilger T<\/a>reffen<\/strong> im LIGHTHOUSE, monatlich am 2. Donnerstag um 19h<\/p>\n","protected":false},"excerpt":{"rendered":"<p>Die Bremer Innenstadt pilgernd zu erfahren, dazu l\u00e4dt das Lighthouse ein. Ob f\u00fcr Gemeindegruppen (Hauskreise, Senioren-Gruppen, M\u00e4nner\/ Frauengruppen etc.) Je nach Terminabsprache mit Johannes M\u00fcller. In rund 90min gilt es christliche Spuren im Stadtbild zu entdecken. Spiritualit\u00e4t l\u00e4sst sich in allt\u00e4glicher Umgebung erfahren, wenn wir darauf achten und uns darauf einlassen. Mit Texten, Gedanken und &#8230; <span class=\"more\"><a class=\"more-link\" href=\"https:\/\/lighthouse-bremen.de\/?page_id=242\">[Read more&#8230;]<\/a><\/span><\/p>\n","protected":false},"author":1,"featured_media":0,"parent":5,"menu_order":0,"comment_status":"closed","ping_status":"closed","template":"page-full-width.php","meta":{"jetpack_post_was_ever_published":false,"footnotes":""},"class_list":["entry","page","publish","author-admin","post-242"],"jetpack_sharing_enabled":true,"jetpack_shortlink":"https:\/\/wp.me\/P6DzvA-3U","_links":{"self":[{"href":"https:\/\/lighthouse-bremen.de\/index.php?rest_route=\/wp\/v2\/pages\/242","targetHints":{"allow":["GET"]}}],"collection":[{"href":"https:\/\/lighthouse-bremen.de\/index.php?rest_route=\/wp\/v2\/pages"}],"about":[{"href":"https:\/\/lighthouse-bremen.de\/index.php?rest_route=\/wp\/v2\/types\/page"}],"author":[{"embeddable":true,"href":"https:\/\/lighthouse-bremen.de\/index.php?rest_route=\/wp\/v2\/users\/1"}],"replies":[{"embeddable":true,"href":"https:\/\/lighthouse-bremen.de\/index.php?rest_route=%2Fwp%2Fv2%2Fcomments&post=242"}],"version-history":[{"count":15,"href":"https:\/\/lighthouse-bremen.de\/index.php?rest_route=\/wp\/v2\/pages\/242\/revisions"}],"predecessor-version":[{"id":1187,"href":"https:\/\/lighthouse-bremen.de\/index.php?rest_route=\/wp\/v2\/pages\/242\/revisions\/1187"}],"up":[{"embeddable":true,"href":"https:\/\/lighthouse-bremen.de\/index.php?rest_route=\/wp\/v2\/pages\/5"}],"wp:attachment":[{"href":"https:\/\/lighthouse-bremen.de\/index.php?rest_route=%2Fwp%2Fv2%2Fmedia&parent=242"}],"curies":[{"name":"wp","href":"https:\/\/api.w.org\/{rel}","templated":true}]}}