{"id":127,"date":"2015-02-17T19:05:04","date_gmt":"2015-02-17T17:05:04","guid":{"rendered":"http:\/\/lighthouse-bremen.de\/?page_id=127"},"modified":"2023-11-10T12:58:20","modified_gmt":"2023-11-10T10:58:20","slug":"kontakt","status":"publish","type":"page","link":"https:\/\/lighthouse-bremen.de\/?page_id=127","title":{"rendered":"Kontakt"},"content":{"rendered":"<div class=\"wp-block-image\">\n<figure class=\"alignleft\"><img loading=\"lazy\" decoding=\"async\" width=\"300\" height=\"216\" src=\"http:\/\/lighthouse-bremen.de\/wp-content\/uploads\/2015\/02\/Connect_Lighthouse-Connect-Logo-15-02-17-300x216.jpg\" alt=\"Connect_Lighthouse Connect-Logo-15-02-17\" class=\"wp-image-131\" srcset=\"https:\/\/lighthouse-bremen.de\/wp-content\/uploads\/2015\/02\/Connect_Lighthouse-Connect-Logo-15-02-17-300x216.jpg 300w, https:\/\/lighthouse-bremen.de\/wp-content\/uploads\/2015\/02\/Connect_Lighthouse-Connect-Logo-15-02-17-1024x738.jpg 1024w, https:\/\/lighthouse-bremen.de\/wp-content\/uploads\/2015\/02\/Connect_Lighthouse-Connect-Logo-15-02-17.jpg 1819w\" sizes=\"auto, (max-width: 300px) 100vw, 300px\" \/><\/figure>\n<\/div>\n\n\n<p><strong style=\"font-size: 24px;\">Fragen, Feedback und mehr zu LIGHTHOUSE &amp; Co. erfahren<\/strong><\/p>\n\n\n\n<p>Egal, ob Du uns einfach nur \u00bbhallo\u00ab sagen m\u00f6chtest, oder eine Frage hast: Schreib uns einfach an! Wir freuen uns \u00fcber Post und Deine Meinung, sind offen f\u00fcr alles und werden versuchen, Dir schnell zu antworten.<\/p>\n\n\n\n<p>Maile einfach an <a href=\"mailto:info@lighthouse-bremen.de\"><strong>info@lighthouse-bremen.de<\/strong><\/a> oder f\u00fclle das Kontaktformular&nbsp;unten aus. So kannst Du uns auch direkt mitteilen, ob Du gerne weitere Informationen h\u00e4ttest und von uns auf dem Laufenden gehalten werden m\u00f6chtet.<\/p>\n\n\n\n<div class=\"wp-block-contact-form-7-contact-form-selector\">\n<div class=\"wpcf7 no-js\" id=\"wpcf7-f793-o1\" lang=\"de-DE\" dir=\"ltr\" data-wpcf7-id=\"793\">\n<div class=\"screen-reader-response\"><p role=\"status\" aria-live=\"polite\" aria-atomic=\"true\"><\/p> <ul><\/ul><\/div>\n<form action=\"\/index.php?rest_route=%2Fwp%2Fv2%2Fpages%2F127#wpcf7-f793-o1\" method=\"post\" class=\"wpcf7-form init\" aria-label=\"Kontaktformular\" novalidate=\"novalidate\" data-status=\"init\">\n<fieldset class=\"hidden-fields-container\"><input type=\"hidden\" name=\"_wpcf7\" value=\"793\" \/><input type=\"hidden\" name=\"_wpcf7_version\" value=\"6.1.5\" \/><input type=\"hidden\" name=\"_wpcf7_locale\" value=\"de_DE\" \/><input type=\"hidden\" name=\"_wpcf7_unit_tag\" value=\"wpcf7-f793-o1\" \/><input type=\"hidden\" name=\"_wpcf7_container_post\" value=\"0\" \/><input type=\"hidden\" name=\"_wpcf7_posted_data_hash\" value=\"\" \/>\n<\/fieldset>\n<p><label> Dein Name:<br \/>\n<span class=\"wpcf7-form-control-wrap\" data-name=\"your-name\"><input size=\"40\" maxlength=\"400\" class=\"wpcf7-form-control wpcf7-text wpcf7-validates-as-required\" aria-required=\"true\" aria-invalid=\"false\" value=\"\" type=\"text\" name=\"your-name\" \/><\/span> <\/label>\n<\/p>\n<p><label> Deine E-Mail-Adresse:<br \/>\n<span class=\"wpcf7-form-control-wrap\" data-name=\"your-email\"><input size=\"40\" maxlength=\"400\" class=\"wpcf7-form-control wpcf7-email wpcf7-validates-as-required wpcf7-text wpcf7-validates-as-email\" aria-required=\"true\" aria-invalid=\"false\" value=\"\" type=\"email\" name=\"your-email\" \/><\/span> <\/label>\n<\/p>\n<p>Deine Telefonnummer:<br \/>\n<span class=\"wpcf7-form-control-wrap\" data-name=\"tel-809\"><input size=\"40\" maxlength=\"400\" class=\"wpcf7-form-control wpcf7-tel wpcf7-text wpcf7-validates-as-tel\" aria-invalid=\"false\" value=\"\" type=\"tel\" name=\"tel-809\" \/><\/span>\n<\/p>\n<p>Deine Altersgruppe:<br \/>\n<span class=\"wpcf7-form-control-wrap\" data-name=\"radio-782\"><span class=\"wpcf7-form-control wpcf7-radio\"><span class=\"wpcf7-list-item first\"><label><input type=\"radio\" name=\"radio-782\" value=\"unter 20\" checked=\"checked\" \/><span class=\"wpcf7-list-item-label\">unter 20<\/span><\/label><\/span><span class=\"wpcf7-list-item\"><label><input type=\"radio\" name=\"radio-782\" value=\"20-29\" \/><span class=\"wpcf7-list-item-label\">20-29<\/span><\/label><\/span><span class=\"wpcf7-list-item\"><label><input type=\"radio\" name=\"radio-782\" value=\"30-30\" \/><span class=\"wpcf7-list-item-label\">30-30<\/span><\/label><\/span><span class=\"wpcf7-list-item\"><label><input type=\"radio\" name=\"radio-782\" value=\"40-49\" \/><span class=\"wpcf7-list-item-label\">40-49<\/span><\/label><\/span><span class=\"wpcf7-list-item last\"><label><input type=\"radio\" name=\"radio-782\" value=\"50+\" \/><span class=\"wpcf7-list-item-label\">50+<\/span><\/label><\/span><\/span><\/span>\n<\/p>\n<p>Ich besuche Gottesdienste:<br \/>\n<span class=\"wpcf7-form-control-wrap\" data-name=\"radio-783\"><span class=\"wpcf7-form-control wpcf7-radio\"><span class=\"wpcf7-list-item first\"><label><input type=\"radio\" name=\"radio-783\" value=\"regelm\u00e4\u00dfig\" checked=\"checked\" \/><span class=\"wpcf7-list-item-label\">regelm\u00e4\u00dfig<\/span><\/label><\/span><span class=\"wpcf7-list-item\"><label><input type=\"radio\" name=\"radio-783\" value=\"ab und zu\" \/><span class=\"wpcf7-list-item-label\">ab und zu<\/span><\/label><\/span><span class=\"wpcf7-list-item last\"><label><input type=\"radio\" name=\"radio-783\" value=\"selten \/ nie\" \/><span class=\"wpcf7-list-item-label\">selten \/ nie<\/span><\/label><\/span><\/span><\/span>\n<\/p>\n<p>Ich interessiere mich f\u00fcr:<br \/>\n<span class=\"wpcf7-form-control-wrap\" data-name=\"checkbox-552\"><span class=\"wpcf7-form-control wpcf7-checkbox\"><span class=\"wpcf7-list-item first\"><label><input type=\"checkbox\" name=\"checkbox-552[]\" value=\"mehr Infos zum Lighthouse\" \/><span class=\"wpcf7-list-item-label\">mehr Infos zum Lighthouse<\/span><\/label><\/span><span class=\"wpcf7-list-item\"><label><input type=\"checkbox\" name=\"checkbox-552[]\" value=\"Lighthouse-Newsletter\" \/><span class=\"wpcf7-list-item-label\">Lighthouse-Newsletter<\/span><\/label><\/span><span class=\"wpcf7-list-item\"><label><input type=\"checkbox\" name=\"checkbox-552[]\" value=\"Lighthouse-Events\" \/><span class=\"wpcf7-list-item-label\">Lighthouse-Events<\/span><\/label><\/span><span class=\"wpcf7-list-item\"><label><input type=\"checkbox\" name=\"checkbox-552[]\" value=\"Mitarbeit im Lighthouse-Team\" \/><span class=\"wpcf7-list-item-label\">Mitarbeit im Lighthouse-Team<\/span><\/label><\/span><span class=\"wpcf7-list-item\"><label><input type=\"checkbox\" name=\"checkbox-552[]\" value=\"ein Gespr\u00e4ch mit einem\/einer Pastor\/in\" \/><span class=\"wpcf7-list-item-label\">ein Gespr\u00e4ch mit einem\/einer Pastor\/in<\/span><\/label><\/span><span class=\"wpcf7-list-item last\"><label><input type=\"checkbox\" name=\"checkbox-552[]\" value=\"mehr \u00fcber Gott und die Welt\" \/><span class=\"wpcf7-list-item-label\">mehr \u00fcber Gott und die Welt<\/span><\/label><\/span><\/span><\/span>\n<\/p>\n<p><label> Was ich euch sonst noch mitteilen m\u00f6chte (optional):<br \/>\n<span class=\"wpcf7-form-control-wrap\" data-name=\"your-message\"><textarea cols=\"40\" rows=\"10\" maxlength=\"2000\" class=\"wpcf7-form-control wpcf7-textarea\" aria-invalid=\"false\" name=\"your-message\"><\/textarea><\/span> <\/label>\n<\/p>\n<p><input class=\"wpcf7-form-control wpcf7-submit has-spinner\" type=\"submit\" value=\"Senden\" \/>\n<\/p><div class=\"wpcf7-response-output\" aria-hidden=\"true\"><\/div>\n<\/form>\n<\/div>\n<\/div>\n\n\n\n<p><\/p>\n\n\n\n<p><strong style=\"font-size: 24px;\">Das LIGHTHOUSE an der Schlachte<\/strong><\/p>\n\n\n\n<p>LIGHTHOUSE<br>Ein Projekt der Bremischen Evangelischen Kirche<br>Martinikirchhof 1 (gegen\u00fcber des Restaurants \u201eOsteria\u201c)<br>28195 Bremen \/  Telefon: 0178 51 99 157<\/p>\n\n\n\n<p>Besuche uns auch auf <a href=\"https:\/\/www.facebook.com\/johannes.muller.71619\/\">Facebook<\/a>  oder <a href=\"https:\/\/www.instagram.com\/johannes_lighthouse\/\">Instagram<\/a><\/p>\n","protected":false},"excerpt":{"rendered":"<p>Fragen, Feedback und mehr zu LIGHTHOUSE &amp; Co. erfahren Egal, ob Du uns einfach nur \u00bbhallo\u00ab sagen m\u00f6chtest, oder eine Frage hast: Schreib uns einfach an! Wir freuen uns \u00fcber Post und Deine Meinung, sind offen f\u00fcr alles und werden versuchen, Dir schnell zu antworten. Maile einfach an info@lighthouse-bremen.de oder f\u00fclle das Kontaktformular&nbsp;unten aus. So &#8230; <span class=\"more\"><a class=\"more-link\" href=\"https:\/\/lighthouse-bremen.de\/?page_id=127\">[Read more&#8230;]<\/a><\/span><\/p>\n","protected":false},"author":3,"featured_media":0,"parent":0,"menu_order":40,"comment_status":"open","ping_status":"open","template":"page-full-width.php","meta":{"jetpack_post_was_ever_published":false,"footnotes":""},"class_list":["entry","page","publish","author-vstroever","post-127"],"jetpack_sharing_enabled":true,"jetpack_shortlink":"https:\/\/wp.me\/P6DzvA-23","_links":{"self":[{"href":"https:\/\/lighthouse-bremen.de\/index.php?rest_route=\/wp\/v2\/pages\/127","targetHints":{"allow":["GET"]}}],"collection":[{"href":"https:\/\/lighthouse-bremen.de\/index.php?rest_route=\/wp\/v2\/pages"}],"about":[{"href":"https:\/\/lighthouse-bremen.de\/index.php?rest_route=\/wp\/v2\/types\/page"}],"author":[{"embeddable":true,"href":"https:\/\/lighthouse-bremen.de\/index.php?rest_route=\/wp\/v2\/users\/3"}],"replies":[{"embeddable":true,"href":"https:\/\/lighthouse-bremen.de\/index.php?rest_route=%2Fwp%2Fv2%2Fcomments&post=127"}],"version-history":[{"count":19,"href":"https:\/\/lighthouse-bremen.de\/index.php?rest_route=\/wp\/v2\/pages\/127\/revisions"}],"predecessor-version":[{"id":973,"href":"https:\/\/lighthouse-bremen.de\/index.php?rest_route=\/wp\/v2\/pages\/127\/revisions\/973"}],"wp:attachment":[{"href":"https:\/\/lighthouse-bremen.de\/index.php?rest_route=%2Fwp%2Fv2%2Fmedia&parent=127"}],"curies":[{"name":"wp","href":"https:\/\/api.w.org\/{rel}","templated":true}]}}